{"id":722,"date":"2019-01-25T23:34:09","date_gmt":"2019-01-25T21:34:09","guid":{"rendered":"http:\/\/fb-artwork.de\/?page_id=722"},"modified":"2021-02-26T14:16:56","modified_gmt":"2021-02-26T12:16:56","slug":"about-me","status":"publish","type":"page","link":"http:\/\/fb-artwork.de\/?page_id=722","title":{"rendered":"\u00dcber mich"},"content":{"rendered":"\t\t<div data-elementor-type=\"wp-post\" data-elementor-id=\"722\" class=\"elementor elementor-722\">\n\t\t\t\t\t\t<section class=\"elementor-section elementor-top-section elementor-element elementor-element-4742760 elementor-section-boxed elementor-section-height-default elementor-section-height-default\" data-id=\"4742760\" data-element_type=\"section\" data-e-type=\"section\">\n\t\t\t\t\t\t<div class=\"elementor-container elementor-column-gap-default\">\n\t\t\t\t\t<div class=\"elementor-column elementor-col-100 elementor-top-column elementor-element elementor-element-44e65a8\" data-id=\"44e65a8\" data-element_type=\"column\" data-e-type=\"column\">\n\t\t\t<div class=\"elementor-widget-wrap elementor-element-populated\">\n\t\t\t\t\t\t<div class=\"elementor-element elementor-element-dd0805b elementor-widget elementor-widget-spacer\" data-id=\"dd0805b\" data-element_type=\"widget\" data-e-type=\"widget\" data-widget_type=\"spacer.default\">\n\t\t\t\t<div class=\"elementor-widget-container\">\n\t\t\t\t\t\t\t<div class=\"elementor-spacer\">\n\t\t\t<div class=\"elementor-spacer-inner\"><\/div>\n\t\t<\/div>\n\t\t\t\t\t\t<\/div>\n\t\t\t\t<\/div>\n\t\t\t\t\t<\/div>\n\t\t<\/div>\n\t\t\t\t\t<\/div>\n\t\t<\/section>\n\t\t\t\t<section class=\"elementor-section elementor-top-section elementor-element elementor-element-811e66c elementor-section-boxed elementor-section-height-default elementor-section-height-default\" data-id=\"811e66c\" data-element_type=\"section\" data-e-type=\"section\">\n\t\t\t\t\t\t<div class=\"elementor-container elementor-column-gap-default\">\n\t\t\t\t\t<div class=\"elementor-column elementor-col-100 elementor-top-column elementor-element elementor-element-aa6a9c2\" data-id=\"aa6a9c2\" data-element_type=\"column\" data-e-type=\"column\">\n\t\t\t<div class=\"elementor-widget-wrap elementor-element-populated\">\n\t\t\t\t\t\t<div class=\"elementor-element elementor-element-483f54c elementor-widget elementor-widget-heading\" data-id=\"483f54c\" data-element_type=\"widget\" data-e-type=\"widget\" data-widget_type=\"heading.default\">\n\t\t\t\t<div class=\"elementor-widget-container\">\n\t\t\t\t\t<h2 class=\"elementor-heading-title elementor-size-default\">\u00dcber mich<\/h2>\t\t\t\t<\/div>\n\t\t\t\t<\/div>\n\t\t\t\t\t<\/div>\n\t\t<\/div>\n\t\t\t\t\t<\/div>\n\t\t<\/section>\n\t\t\t\t<section class=\"elementor-section elementor-top-section elementor-element elementor-element-8e4a399 elementor-section-boxed elementor-section-height-default elementor-section-height-default\" data-id=\"8e4a399\" data-element_type=\"section\" data-e-type=\"section\">\n\t\t\t\t\t\t<div class=\"elementor-container elementor-column-gap-default\">\n\t\t\t\t\t<div class=\"elementor-column elementor-col-100 elementor-top-column elementor-element elementor-element-63fc9fc\" data-id=\"63fc9fc\" data-element_type=\"column\" data-e-type=\"column\">\n\t\t\t<div class=\"elementor-widget-wrap elementor-element-populated\">\n\t\t\t\t\t\t<div class=\"elementor-element elementor-element-d0ccce7 elementor-widget elementor-widget-text-editor\" data-id=\"d0ccce7\" data-element_type=\"widget\" data-e-type=\"widget\" data-widget_type=\"text-editor.default\">\n\t\t\t\t<div class=\"elementor-widget-container\">\n\t\t\t\t\t\t\t\t\t<p>Hallo , mein Name ist Peter Fischer. In der Grafikwelt bin ich als &#8222;Papafox&#8220; unterwegs. X-Planer kennen mich eher als &#8222;Snow&#8220;.<\/p><p>Ich besch\u00e4ftige mich gerne am Computer, Vor allem macht es mir Spass, Programmen meinen Stempel aufzudr\u00fccken. Bereits in den 1990ern hatte ich den Flugsimulator &#8222;FA18 Hornet&#8220; ins Deutsche \u00fcbersetzt, was auch die entsprechende Anpassung von Grafiken beinhaltete. F\u00fcr einige Spiele hatte ich Add-Ons erstellt. Ab der Jahrtausendwende besch\u00e4ftigte ich mich viel mit AppleScript und programmierte so Einiges, was einem das Leben am Mac erleichtert. Im Zeitraum von 2006 bis 2010 arbeitete ich im Team von Shadetree Micro Aviation an der Erstellung von Flugzeugmodellen f\u00fcr den X-Plane Flugsimulator.<\/p><p>Ab 2010 widmete ich mich dann verst\u00e4rkt der Erstellung von Szenerien f\u00fcr X-Plane. Also 3D-Modeling von Objekten, wie Flughafengeb\u00e4uden, sonstige Geb\u00e4ude, Fahrzeuge, Figuren von Personen und Tieren usw. &#8211; Einfach alles, was die Erfahrung im Flugsimulator noch etwas realer gestaltet.<\/p><p>\u00dcber all die Jahre war Photoshop mein treuer Begleiter und sehr wichtiges Arbeitsmittel. Es ist also kein Wunder, dass ich die Finger nicht davon lassen kann.<\/p><p>So widme ich mich nun seit geraumer Zeit der Bildmanipulation. Zwar fotografiere ich auch selbst, aber es gibt begnadetere Fotografen als mich. F\u00fcr mich bedeutet die Fotografie Beschaffung von Rohmaterial f\u00fcr meine Bilder.<br \/>Erst wenn ich aus vielen verschiedenen Bildern und Bildteilen etwas Neues erschaffen kann, f\u00fchle ich mich so richtig wohl. Zu Zeiten der Analogfotografie war man als Hobbyfotograf (sofern man sich keine eigene Dunkelkammer einrichten konnte) schon mal davon abg\u00e4ngig, was das Fotolabor bei der Entwicklung an Resultaten ablieferte. Heute hat man alles, was man braucht am Computer. Jeder Kamerahersteller liefert bereits Software mit, um zumindest die &#8222;Entwicklung&#8220; und Beseitigung kleiner M\u00e4ngel selbst zu bewerkstelligen. Viele nutzen leider diese M\u00f6glichkeiten nicht, und nehmen ihre Fotos einfach so, wie sie aus der Kamera kommen. Dabei sollte man sich aber vor Augen f\u00fchren, dass fr\u00fcher bereits das Entwicklungslabor dem Foto seinen eigenen Stempel aufgedr\u00fcckt hatte. Es ist also in keinster Weise so, dass eine RAW-Entwicklung am Computer eine &#8222;Verf\u00e4lschung&#8220; des Fotos w\u00e4re &#8211; nein, man hat einfach die M\u00f6glichkeit, das Bild so zu gestalten, dass es auch wirklich das r\u00fcber bringt, was man sich bei der Aufnahme davon erwartet hatte. Man ist nicht mehr abh\u00e4ngig von einem Fotolabor, dass den Film auf Durchnittsparameter entwickelt hatte (um m\u00f6glichst vielen Fotografenw\u00fcnschen &#8211; oder eben den Hobbyknipsern gerecht zu werden, ohne jedes Mal gesonderte Einstellungen vornehmen zu m\u00fcssen.), sondern hat nun selbst die volle Kontrolle \u00fcber das Bildmaterial.<\/p><p>Fotomontagen gehen dann noch einen Schritt weiter. Was fr\u00fcher teure, spezielle Ausr\u00fcstung gebraucht hat, kann nun mit einem Bildbearbeitungsprogramm (es gibt auch gute kostenlose Programme) erledigt werden. Jetzt nennt man die Fotomontagen eher Fotomanipulation oder Compositing &#8211; oder k\u00fcrzer &#8222;Composing&#8220;. Das ist der Bereich, in dem ich mich wohl f\u00fchle. Ich liebe es, mir aus verschiedenstem Bildmaterial meine eigenen Welten zu schaffen.<\/p><p>Was dabei heraus kommt, k\u00f6nnt ihr auf dieser Website sehen. Ich hoffe, dass etwas dabei ist, das auch euch gef\u00e4llt.<\/p><p>Peter Fischer\u00a0<\/p>\t\t\t\t\t\t\t\t<\/div>\n\t\t\t\t<\/div>\n\t\t\t\t\t<\/div>\n\t\t<\/div>\n\t\t\t\t\t<\/div>\n\t\t<\/section>\n\t\t\t\t<\/div>\n\t\t","protected":false},"excerpt":{"rendered":"<p>\u00dcber mich Hallo , mein Name ist Peter Fischer. In der Grafikwelt bin ich als &#8222;Papafox&#8220; unterwegs. X-Planer kennen mich eher als &#8222;Snow&#8220;. Ich besch\u00e4ftige mich gerne am Computer, Vor allem macht es mir Spass, Programmen meinen Stempel aufzudr\u00fccken. Bereits in den 1990ern hatte ich den Flugsimulator &#8222;FA18 Hornet&#8220; ins Deutsche \u00fcbersetzt, was auch die [&hellip;]<\/p>\n","protected":false},"author":1,"featured_media":0,"parent":0,"menu_order":0,"comment_status":"closed","ping_status":"closed","template":"elementor_header_footer","meta":{"ocean_post_layout":"","ocean_both_sidebars_style":"","ocean_both_sidebars_content_width":0,"ocean_both_sidebars_sidebars_width":0,"ocean_sidebar":"0","ocean_second_sidebar":"0","ocean_disable_margins":"enable","ocean_add_body_class":"","ocean_shortcode_before_top_bar":"","ocean_shortcode_after_top_bar":"","ocean_shortcode_before_header":"","ocean_shortcode_after_header":"","ocean_has_shortcode":"","ocean_shortcode_after_title":"","ocean_shortcode_before_footer_widgets":"","ocean_shortcode_after_footer_widgets":"","ocean_shortcode_before_footer_bottom":"","ocean_shortcode_after_footer_bottom":"","ocean_display_top_bar":"default","ocean_display_header":"default","ocean_header_style":"","ocean_center_header_left_menu":"0","ocean_custom_header_template":"0","ocean_custom_logo":0,"ocean_custom_retina_logo":0,"ocean_custom_logo_max_width":0,"ocean_custom_logo_tablet_max_width":0,"ocean_custom_logo_mobile_max_width":0,"ocean_custom_logo_max_height":0,"ocean_custom_logo_tablet_max_height":0,"ocean_custom_logo_mobile_max_height":0,"ocean_header_custom_menu":"0","ocean_menu_typo_font_family":"0","ocean_menu_typo_font_subset":"","ocean_menu_typo_font_size":0,"ocean_menu_typo_font_size_tablet":0,"ocean_menu_typo_font_size_mobile":0,"ocean_menu_typo_font_size_unit":"px","ocean_menu_typo_font_weight":"","ocean_menu_typo_font_weight_tablet":"","ocean_menu_typo_font_weight_mobile":"","ocean_menu_typo_transform":"","ocean_menu_typo_transform_tablet":"","ocean_menu_typo_transform_mobile":"","ocean_menu_typo_line_height":0,"ocean_menu_typo_line_height_tablet":0,"ocean_menu_typo_line_height_mobile":0,"ocean_menu_typo_line_height_unit":"","ocean_menu_typo_spacing":0,"ocean_menu_typo_spacing_tablet":0,"ocean_menu_typo_spacing_mobile":0,"ocean_menu_typo_spacing_unit":"","ocean_menu_link_color":"","ocean_menu_link_color_hover":"","ocean_menu_link_color_active":"","ocean_menu_link_background":"","ocean_menu_link_hover_background":"","ocean_menu_link_active_background":"","ocean_menu_social_links_bg":"","ocean_menu_social_hover_links_bg":"","ocean_menu_social_links_color":"","ocean_menu_social_hover_links_color":"","ocean_disable_title":"on","ocean_disable_heading":"default","ocean_post_title":"","ocean_post_subheading":"","ocean_post_title_style":"","ocean_post_title_background_color":"","ocean_post_title_background":0,"ocean_post_title_bg_image_position":"","ocean_post_title_bg_image_attachment":"","ocean_post_title_bg_image_repeat":"","ocean_post_title_bg_image_size":"","ocean_post_title_height":0,"ocean_post_title_bg_overlay":0.5,"ocean_post_title_bg_overlay_color":"","ocean_disable_breadcrumbs":"default","ocean_breadcrumbs_color":"","ocean_breadcrumbs_separator_color":"","ocean_breadcrumbs_links_color":"","ocean_breadcrumbs_links_hover_color":"","ocean_display_footer_widgets":"default","ocean_display_footer_bottom":"default","ocean_custom_footer_template":"0","footnotes":""},"class_list":["post-722","page","type-page","status-publish","hentry","entry"],"_links":{"self":[{"href":"http:\/\/fb-artwork.de\/index.php?rest_route=\/wp\/v2\/pages\/722","targetHints":{"allow":["GET"]}}],"collection":[{"href":"http:\/\/fb-artwork.de\/index.php?rest_route=\/wp\/v2\/pages"}],"about":[{"href":"http:\/\/fb-artwork.de\/index.php?rest_route=\/wp\/v2\/types\/page"}],"author":[{"embeddable":true,"href":"http:\/\/fb-artwork.de\/index.php?rest_route=\/wp\/v2\/users\/1"}],"replies":[{"embeddable":true,"href":"http:\/\/fb-artwork.de\/index.php?rest_route=%2Fwp%2Fv2%2Fcomments&post=722"}],"version-history":[{"count":6,"href":"http:\/\/fb-artwork.de\/index.php?rest_route=\/wp\/v2\/pages\/722\/revisions"}],"predecessor-version":[{"id":1711,"href":"http:\/\/fb-artwork.de\/index.php?rest_route=\/wp\/v2\/pages\/722\/revisions\/1711"}],"wp:attachment":[{"href":"http:\/\/fb-artwork.de\/index.php?rest_route=%2Fwp%2Fv2%2Fmedia&parent=722"}],"curies":[{"name":"wp","href":"https:\/\/api.w.org\/{rel}","templated":true}]}}